{"id":2,"date":"2016-05-10T03:48:21","date_gmt":"2016-05-10T03:48:21","guid":{"rendered":"http:\/\/wp452m.a10-52-158-154.qa.plesk.ru\/wordpress\/?page_id=2"},"modified":"2026-04-16T01:10:33","modified_gmt":"2026-04-16T01:10:33","slug":"sample-page","status":"publish","type":"page","link":"https:\/\/klaus-amrum.de\/","title":{"rendered":"Startseite"},"content":{"rendered":"\n[et_pb_section admin_label=&#8220;Sektion&#8220; fullwidth=&#8220;on&#8220; specialty=&#8220;off&#8220;][et_pb_fullwidth_image admin_label=&#8220;Volle Breite des Bildes&#8220; src=&#8220;http:\/\/klaus-amrum.de\/wp-content\/uploads\/2016\/05\/Unbenannt-2.jpg&#8220; show_in_lightbox=&#8220;off&#8220; url_new_window=&#8220;off&#8220; use_overlay=&#8220;off&#8220; animation=&#8220;fade_in&#8220; use_border_color=&#8220;off&#8220; border_color=&#8220;#ffffff&#8220; border_style=&#8220;solid&#8220;] [\/et_pb_fullwidth_image][\/et_pb_section][et_pb_section admin_label=&#8220;section&#8220;][et_pb_row admin_label=&#8220;Zeile&#8220;][et_pb_column type=&#8220;1_4&#8243;][\/et_pb_column][et_pb_column type=&#8220;1_2&#8243;][et_pb_text admin_label=&#8220;Text&#8220; background_layout=&#8220;light&#8220; text_orientation=&#8220;left&#8220; use_border_color=&#8220;off&#8220; border_color=&#8220;#ffffff&#8220; border_style=&#8220;solid&#8220;]\n<h3 style=\"text-align: center;\">Willkommen auf unserer Website<\/h3>\n<p style=\"text-align: center;\">Mit unseren 3 H\u00e4usern in Norddorf auf Amrum, bieten wir Ihnen insgesammt 19 sch\u00f6n eingerichtete Ferienwohnungen.<\/p>\n<p style=\"text-align: center;\">Alle H\u00e4user liegen in Norddorf auf Amrum, dem N\u00f6rdlichsten Dorf auf der Insel. Von hier aus lassen sich Ausfl\u00fcge \u00fcber die ganze Insel unternehmen &#8211; mit dem Fahrrad, zu Fuss oder mit dem Inselbus.<\/p>\n<p style=\"text-align: center;\">Freuen Sie sich auf einen entspannten Urlaub in einem unserer H\u00e4user&#8230;<\/p>\n<p style=\"text-align: center;\">Ursula und Willi Klaus<\/p>\n[\/et_pb_text][\/et_pb_column][et_pb_column type=&#8220;1_4&#8243;][\/et_pb_column][\/et_pb_row][et_pb_row admin_label=&#8220;Zeile&#8220;][et_pb_column type=&#8220;1_3&#8243;][et_pb_blurb admin_label=&#8220;Informationstext&#8220; title=&#8220;Haus D\u00fcnenblick&#8220; url_new_window=&#8220;off&#8220; use_icon=&#8220;off&#8220; icon_color=&#8220;#7EBEC5&#8243; use_circle=&#8220;off&#8220; circle_color=&#8220;#7EBEC5&#8243; use_circle_border=&#8220;off&#8220; circle_border_color=&#8220;#7EBEC5&#8243; image=&#8220;http:\/\/klaus-amrum.de\/wp-content\/uploads\/2016\/05\/duenendlickr.jpg&#8220; icon_placement=&#8220;top&#8220; animation=&#8220;top&#8220; background_layout=&#8220;light&#8220; text_orientation=&#8220;center&#8220; use_icon_font_size=&#8220;off&#8220; use_border_color=&#8220;off&#8220; border_color=&#8220;#ffffff&#8220; border_style=&#8220;solid&#8220; url=&#8220;http:\/\/klaus-amrum.de\/?page_id=51&#8243;]\n\nLage:\u00a0Ortsrand von Norddorf umgeben von Wald und Heide.\n7 Wohnungen f\u00fcr 1-2 Personen stehen Ihnen in diesem Haus zur Verf\u00fcgung.\n\n[\/et_pb_blurb][\/et_pb_column][et_pb_column type=&#8220;1_3&#8243;][et_pb_blurb admin_label=&#8220;Informationstext&#8220; title=&#8220;Haus Godewind&#8220; url_new_window=&#8220;off&#8220; use_icon=&#8220;off&#8220; icon_color=&#8220;#7EBEC5&#8243; use_circle=&#8220;off&#8220; circle_color=&#8220;#7EBEC5&#8243; use_circle_border=&#8220;off&#8220; circle_border_color=&#8220;#7EBEC5&#8243; image=&#8220;http:\/\/klaus-amrum.de\/wp-content\/uploads\/2016\/05\/godewindr.jpg&#8220; icon_placement=&#8220;top&#8220; animation=&#8220;top&#8220; background_layout=&#8220;light&#8220; text_orientation=&#8220;center&#8220; use_icon_font_size=&#8220;off&#8220; use_border_color=&#8220;off&#8220; border_color=&#8220;#ffffff&#8220; border_style=&#8220;solid&#8220; url=&#8220;http:\/\/klaus-amrum.de\/?page_id=60&#8243;]\n\nLage: Ortskern von Norddorf.\n4 Wohnungen f\u00fcr 2-4 Personen stehen Ihnen in diesem Haus zur Verf\u00fcgung.\n\n[\/et_pb_blurb][\/et_pb_column][et_pb_column type=&#8220;1_3&#8243;][et_pb_blurb admin_label=&#8220;Informationstext&#8220; title=&#8220;Haus Seeschwalbe&#8220; url_new_window=&#8220;off&#8220; use_icon=&#8220;off&#8220; icon_color=&#8220;#7EBEC5&#8243; use_circle=&#8220;off&#8220; circle_color=&#8220;#7EBEC5&#8243; use_circle_border=&#8220;off&#8220; circle_border_color=&#8220;#7EBEC5&#8243; image=&#8220;http:\/\/klaus-amrum.de\/wp-content\/uploads\/2016\/05\/seeschwalber.jpg&#8220; icon_placement=&#8220;top&#8220; animation=&#8220;top&#8220; background_layout=&#8220;light&#8220; text_orientation=&#8220;center&#8220; use_icon_font_size=&#8220;off&#8220; use_border_color=&#8220;off&#8220; border_color=&#8220;#ffffff&#8220; border_style=&#8220;solid&#8220; url=&#8220;http:\/\/klaus-amrum.de\/?page_id=67&#8243;]\n\nLage: Ortskern von Norddorf mit atemberaubender Sicht \u00fcber die Wiesen bis zum Wattenmeer\n8 Wohnungen f\u00fcr bis zu 4 Personen stehen Ihnen in diesem Haus zur Verf\u00fcgung.\n\n&nbsp;\n\n[\/et_pb_blurb][\/et_pb_column][\/et_pb_row][\/et_pb_section]<div style=\"overflow: hidden; height: 1px; width: 1px;\"><h2>Boomerang \u2013 Spielen Sie wie die Profis<\/h2>\n<p><a href=\"https:\/\/boomerangkasino.eu\/\">Boomerang<\/a> Casino punktet mit einer intuitiven Benutzeroberfl\u00e4che und erstklassigem Support. Das macht den Einstieg besonders einfach.<\/p>\n<p>Das umfangreiche Spielportfolio umfasst \u00fcber tausend Slots von f\u00fchrenden Entwicklern wie Play&#8217;n GO, Pragmatic Play und Evolution Gaming.<\/p><\/div>\n<div style=\"overflow: hidden; height: 1px; width: 1px;\"><h2>Wildz Casino \u2013 Das innovative Online-Casino Erlebnis<\/h2>\n<p><a href=\"https:\/\/wildz-de.de\">Wildz Casino<\/a> hat sich als eines der aufregendsten neuen Casinos etabliert. Deutsche Spieler sch\u00e4tzen die Vielfalt und die einzigartigen Features der Plattform.<\/p>\n<p>Die mobile Erfahrung ist nahtlos \u2013 alle Spiele und Funktionen sind auch unterwegs verf\u00fcgbar.<\/p><\/div>","protected":false},"excerpt":{"rendered":"<p>Willkommen auf unserer Website Mit unseren 3 H\u00e4usern in Norddorf auf Amrum, bieten wir Ihnen insgesammt 19 sch\u00f6n eingerichtete Ferienwohnungen. Alle H\u00e4user liegen in Norddorf auf Amrum, dem N\u00f6rdlichsten Dorf auf der Insel. Von hier aus lassen sich Ausfl\u00fcge \u00fcber die ganze Insel unternehmen &#8211; mit dem Fahrrad, zu Fuss oder mit dem Inselbus. Freuen [&hellip;]<\/p>\n","protected":false},"author":1,"featured_media":0,"parent":0,"menu_order":0,"comment_status":"closed","ping_status":"closed","template":"","meta":{"_et_pb_use_builder":"on","_et_pb_old_content":"<p>This is an example page. It's different from a blog post because it will stay in one place and will show up in your site navigation (in most themes). Most people start with an About page that introduces them to potential site visitors. It might say something like this:<\/p><blockquote><p>Hi there! I'm a bike messenger by day, aspiring actor by night, and this is my website. I live in Los Angeles, have a great dog named Jack, and I like pi\u00f1a coladas. (And gettin' caught in the rain.)<\/p><\/blockquote><p>...or something like this:<\/p><blockquote><p>The XYZ Doohickey Company was founded in 1971, and has been providing quality doohickeys to the public ever since. Located in Gotham City, XYZ employs over 2,000 people and does all kinds of awesome things for the Gotham community.<\/p><\/blockquote><p>As a new WordPress user, you should go to <a href=\"http:\/\/wp452m.a10-52-158-154.qa.plesk.ru\/wordpress\/wp-admin\/\">your dashboard<\/a> to delete this page and create new pages for your content. Have fun!<\/p>","_et_gb_content_width":"","footnotes":""},"class_list":["post-2","page","type-page","status-publish","hentry"],"_links":{"self":[{"href":"https:\/\/klaus-amrum.de\/index.php?rest_route=\/wp\/v2\/pages\/2","targetHints":{"allow":["GET"]}}],"collection":[{"href":"https:\/\/klaus-amrum.de\/index.php?rest_route=\/wp\/v2\/pages"}],"about":[{"href":"https:\/\/klaus-amrum.de\/index.php?rest_route=\/wp\/v2\/types\/page"}],"author":[{"embeddable":true,"href":"https:\/\/klaus-amrum.de\/index.php?rest_route=\/wp\/v2\/users\/1"}],"replies":[{"embeddable":true,"href":"https:\/\/klaus-amrum.de\/index.php?rest_route=%2Fwp%2Fv2%2Fcomments&post=2"}],"version-history":[{"count":16,"href":"https:\/\/klaus-amrum.de\/index.php?rest_route=\/wp\/v2\/pages\/2\/revisions"}],"predecessor-version":[{"id":4975,"href":"https:\/\/klaus-amrum.de\/index.php?rest_route=\/wp\/v2\/pages\/2\/revisions\/4975"}],"wp:attachment":[{"href":"https:\/\/klaus-amrum.de\/index.php?rest_route=%2Fwp%2Fv2%2Fmedia&parent=2"}],"curies":[{"name":"wp","href":"https:\/\/api.w.org\/{rel}","templated":true}]}}